{"id":103,"date":"2020-02-06T09:12:06","date_gmt":"2020-02-06T09:12:06","guid":{"rendered":"https:\/\/litho.themezaa.com\/?page_id=103"},"modified":"2022-08-16T08:48:08","modified_gmt":"2022-08-16T08:48:08","slug":"kontakt","status":"publish","type":"page","link":"https:\/\/estatepartners.dk\/en\/kontakt\/","title":{"rendered":"Contact"},"content":{"rendered":"<div data-elementor-type=\"wp-page\" data-elementor-id=\"103\" class=\"elementor elementor-103\">\n\t\t\t\t\t\t<section class=\"elementor-section elementor-top-section elementor-element elementor-element-37992ce6 elementor-section-full_width elementor-section-height-default elementor-section-height-default\" data-id=\"37992ce6\" data-element_type=\"section\" data-e-type=\"section\" data-settings=\"{&quot;background_background&quot;:&quot;classic&quot;}\">\n\t\t\t\t\t\t<div class=\"elementor-container elementor-column-gap-default\">\n\t\t\t\t\t<div class=\"elementor-column elementor-col-100 elementor-top-column elementor-element elementor-element-7f1f64ce\" data-fullscreen-column-settings=\"{&quot;fullscreen&quot;:&quot;&quot;}\" data-id=\"7f1f64ce\" data-element_type=\"column\" data-e-type=\"column\">\n\t\t\t<div class=\"elementor-widget-wrap elementor-element-populated\">\n\t\t\t\t\t\t<section class=\"elementor-section elementor-inner-section elementor-element elementor-element-918ad67 elementor-section-boxed elementor-section-height-default elementor-section-height-default\" data-id=\"918ad67\" data-element_type=\"section\" data-e-type=\"section\">\n\t\t\t\t\t\t<div class=\"elementor-container elementor-column-gap-default\">\n\t\t\t\t\t<div class=\"elementor-column elementor-col-50 elementor-inner-column elementor-element elementor-element-68b3fe6c elementor-invisible\" data-fullscreen-column-settings=\"{&quot;fullscreen&quot;:&quot;&quot;}\" data-id=\"68b3fe6c\" data-element_type=\"column\" data-e-type=\"column\" data-settings=\"{&quot;animation&quot;:&quot;fadeIn&quot;,&quot;animation_delay&quot;:200}\">\n\t\t\t<div class=\"elementor-widget-wrap elementor-element-populated\">\n\t\t\t\t\t\t<div class=\"elementor-element elementor-element-52b3758a elementor-widget elementor-widget-litho-heading\" data-id=\"52b3758a\" data-element_type=\"widget\" data-e-type=\"widget\" data-widget_type=\"litho-heading.default\">\n\t\t\t\t<div class=\"elementor-widget-container\">\n\t\t\t\t\t<h3 class=\"litho-heading elementor-size-default\"><span class=\"litho-primary-title\">Find your next <br \/>home with us<\/span><\/h3>\t\t\t\t<\/div>\n\t\t\t\t<\/div>\n\t\t\t\t\t<\/div>\n\t\t<\/div>\n\t\t\t\t<div class=\"elementor-column elementor-col-50 elementor-inner-column elementor-element elementor-element-571f871c elementor-invisible\" data-fullscreen-column-settings=\"{&quot;fullscreen&quot;:&quot;&quot;}\" data-id=\"571f871c\" data-element_type=\"column\" data-e-type=\"column\" data-settings=\"{&quot;animation&quot;:&quot;fadeIn&quot;,&quot;animation_delay&quot;:400}\">\n\t\t\t<div class=\"elementor-widget-wrap elementor-element-populated\">\n\t\t\t\t\t\t<div class=\"elementor-element elementor-element-354e483a elementor-widget elementor-widget-litho-heading\" data-id=\"354e483a\" data-element_type=\"widget\" data-e-type=\"widget\" data-widget_type=\"litho-heading.default\">\n\t\t\t\t<div class=\"elementor-widget-container\">\n\t\t\t\t\t<span class=\"litho-heading elementor-size-default\"><span class=\"litho-primary-title\">Contact us<\/span><\/span>\t\t\t\t<\/div>\n\t\t\t\t<\/div>\n\t\t\t\t<div class=\"elementor-element elementor-element-6fed66e9 elementor-widget__width-initial elementor-widget elementor-widget-text-editor\" data-id=\"6fed66e9\" data-element_type=\"widget\" data-e-type=\"widget\" data-widget_type=\"text-editor.default\">\n\t\t\t\t<div class=\"elementor-widget-container\">\n\t\t\t\t\t\t\t\t\t<p>We are ready to take your call and answer your questions.<\/p>\t\t\t\t\t\t\t\t<\/div>\n\t\t\t\t<\/div>\n\t\t\t\t\t<\/div>\n\t\t<\/div>\n\t\t\t\t\t<\/div>\n\t\t<\/section>\n\t\t\t\t\t<\/div>\n\t\t<\/div>\n\t\t\t\t\t<\/div>\n\t\t<\/section>\n\t\t\t\t<section class=\"elementor-section elementor-top-section elementor-element elementor-element-0c93bf9 elementor-section-boxed elementor-section-height-default elementor-section-height-default\" data-id=\"0c93bf9\" data-element_type=\"section\" data-e-type=\"section\" data-settings=\"{&quot;background_background&quot;:&quot;classic&quot;}\">\n\t\t\t\t\t\t\t<div class=\"elementor-background-overlay\"><\/div>\n\t\t\t\t\t\t\t<div class=\"elementor-container elementor-column-gap-default\">\n\t\t\t\t\t<div class=\"elementor-column elementor-col-33 elementor-top-column elementor-element elementor-element-2e566dc\" data-fullscreen-column-settings=\"{&quot;fullscreen&quot;:&quot;&quot;}\" data-id=\"2e566dc\" data-element_type=\"column\" data-e-type=\"column\">\n\t\t\t<div class=\"elementor-widget-wrap elementor-element-populated\">\n\t\t\t\t\t\t<div class=\"elementor-element elementor-element-30c1feb elementor-widget__width-initial elementor-widget-tablet__width-initial elementor-widget-mobile__width-initial elementor-view-default elementor-position-top elementor-mobile-position-top elementor-vertical-align-top elementor-widget elementor-widget-litho-icon-box\" data-id=\"30c1feb\" data-element_type=\"widget\" data-e-type=\"widget\" data-widget_type=\"litho-icon-box.default\">\n\t\t\t\t<div class=\"elementor-widget-container\">\n\t\t\t\t\t\t\t\t<div class=\"elementor-icon-box-wrapper litho-icon-box-wrapper\">\n\t\t\t\t\t\t\t\t<div class=\"elementor-icon-box-icon\">\t\t\t\t\t<span class=\"elementor-icon elementor-animation-\" >\n\t\t\t\t\t\t<i aria-hidden=\"true\" class=\"line-icon-Geo2-Love\"><\/i>\t\t\t\t\t<\/span>\n\t\t\t\t<\/div>\n\t\t\t\t\t\t\t\t<div class=\"elementor-icon-box-content\">\n\t\t\t\t\t\t\t\t\t\t\t<span class=\"elementor-icon-box-title\"><span >ESTATE PARTNERS<\/span>\n\t\t\t\t\t\t<\/span>\n\t\t\t\t\t\t\t\t\t\t<p class=\"elementor-icon-box-description\">Kl\u00f8vervej 44,\n6000 Kolding\n<\/p>\n\t\t\t\t\t\t\t\t\t\t\t\t\t\t<\/div>\n\t\t\t<\/div>\n\t\t\t\t\t\t<\/div>\n\t\t\t\t<\/div>\n\t\t\t\t\t<\/div>\n\t\t<\/div>\n\t\t\t\t<div class=\"elementor-column elementor-col-33 elementor-top-column elementor-element elementor-element-0e6bdb8\" data-fullscreen-column-settings=\"{&quot;fullscreen&quot;:&quot;&quot;}\" data-id=\"0e6bdb8\" data-element_type=\"column\" data-e-type=\"column\">\n\t\t\t<div class=\"elementor-widget-wrap elementor-element-populated\">\n\t\t\t\t\t\t<div class=\"elementor-element elementor-element-d76cf04 elementor-widget__width-initial elementor-widget-tablet__width-inherit elementor-view-default elementor-position-top elementor-mobile-position-top elementor-vertical-align-top elementor-widget elementor-widget-litho-icon-box\" data-id=\"d76cf04\" data-element_type=\"widget\" data-e-type=\"widget\" data-widget_type=\"litho-icon-box.default\">\n\t\t\t\t<div class=\"elementor-widget-container\">\n\t\t\t\t\t\t\t\t<div class=\"elementor-icon-box-wrapper litho-icon-box-wrapper\">\n\t\t\t\t\t\t\t\t<div class=\"elementor-icon-box-icon\">\t\t\t\t\t<a class=\"elementor-icon elementor-animation-\" href=\"tel:+4553202222\">\n\t\t\t\t\t\t<i aria-hidden=\"true\" class=\"line-icon-Headset\"><\/i>\t\t\t\t\t<\/a>\n\t\t\t\t<\/div>\n\t\t\t\t\t\t\t\t<div class=\"elementor-icon-box-content\">\n\t\t\t\t\t\t\t\t\t\t\t<span class=\"elementor-icon-box-title\"><a href=\"tel:+4553202222\">CONTACT<\/a>\n\t\t\t\t\t\t<\/span>\n\t\t\t\t\t\t\t\t\t\t<p class=\"elementor-icon-box-description\"><a href=\"tel:+4553202222\" style=\"color: #FFFFFF;\">+45 5320 2222<\/a><\/p>\n\t\t\t\t\t\t\t\t\t\t\t\t\t\t<\/div>\n\t\t\t<\/div>\n\t\t\t\t\t\t<\/div>\n\t\t\t\t<\/div>\n\t\t\t\t\t<\/div>\n\t\t<\/div>\n\t\t\t\t<div class=\"elementor-column elementor-col-33 elementor-top-column elementor-element elementor-element-4c77193\" data-fullscreen-column-settings=\"{&quot;fullscreen&quot;:&quot;&quot;}\" data-id=\"4c77193\" data-element_type=\"column\" data-e-type=\"column\">\n\t\t\t<div class=\"elementor-widget-wrap elementor-element-populated\">\n\t\t\t\t\t\t<div class=\"elementor-element elementor-element-8bd51b5 elementor-widget__width-initial elementor-widget-tablet__width-inherit elementor-view-default elementor-position-top elementor-mobile-position-top elementor-vertical-align-top elementor-widget elementor-widget-litho-icon-box\" data-id=\"8bd51b5\" data-element_type=\"widget\" data-e-type=\"widget\" data-widget_type=\"litho-icon-box.default\">\n\t\t\t\t<div class=\"elementor-widget-container\">\n\t\t\t\t\t\t\t\t<div class=\"elementor-icon-box-wrapper litho-icon-box-wrapper\">\n\t\t\t\t\t\t\t\t<div class=\"elementor-icon-box-icon\">\t\t\t\t\t<span class=\"elementor-icon elementor-animation-\" >\n\t\t\t\t\t\t<i aria-hidden=\"true\" class=\"line-icon-Mail-Read\"><\/i>\t\t\t\t\t<\/span>\n\t\t\t\t<\/div>\n\t\t\t\t\t\t\t\t<div class=\"elementor-icon-box-content\">\n\t\t\t\t\t\t\t\t\t\t\t<span class=\"elementor-icon-box-title\"><span >E-MAIL<\/span>\n\t\t\t\t\t\t<\/span>\n\t\t\t\t\t\t\t\t\t\t<p class=\"elementor-icon-box-description\"><a href=\"mailto:mail@estatepartners.dk\" class=\"text-sky-blue-hover\">mail@estatepartners.dk<\/a><\/p>\n\t\t\t\t\t\t\t\t\t\t\t\t\t\t<\/div>\n\t\t\t<\/div>\n\t\t\t\t\t\t<\/div>\n\t\t\t\t<\/div>\n\t\t\t\t\t<\/div>\n\t\t<\/div>\n\t\t\t\t\t<\/div>\n\t\t<\/section>\n\t\t\t\t<section class=\"elementor-section elementor-top-section elementor-element elementor-element-814de03 elementor-section-boxed elementor-section-height-default elementor-section-height-default\" data-id=\"814de03\" data-element_type=\"section\" data-e-type=\"section\" data-settings=\"{&quot;background_background&quot;:&quot;classic&quot;}\">\n\t\t\t\t\t\t<div class=\"elementor-container elementor-column-gap-default\">\n\t\t\t\t\t<div class=\"elementor-column elementor-col-100 elementor-top-column elementor-element elementor-element-67c6c35\" data-fullscreen-column-settings=\"{&quot;fullscreen&quot;:&quot;&quot;}\" data-id=\"67c6c35\" data-element_type=\"column\" data-e-type=\"column\">\n\t\t\t<div class=\"elementor-widget-wrap elementor-element-populated\">\n\t\t\t\t\t\t<section class=\"elementor-section elementor-inner-section elementor-element elementor-element-4d8048e elementor-section-boxed elementor-section-height-default elementor-section-height-default elementor-invisible\" data-id=\"4d8048e\" data-element_type=\"section\" data-e-type=\"section\" data-settings=\"{&quot;background_background&quot;:&quot;classic&quot;,&quot;animation&quot;:&quot;fadeIn&quot;,&quot;animation_delay&quot;:400}\">\n\t\t\t\t\t\t<div class=\"elementor-container elementor-column-gap-default\">\n\t\t\t\t\t<div class=\"elementor-column elementor-col-100 elementor-inner-column elementor-element elementor-element-94499a3\" data-fullscreen-column-settings=\"{&quot;fullscreen&quot;:&quot;&quot;}\" data-id=\"94499a3\" data-element_type=\"column\" data-e-type=\"column\">\n\t\t\t<div class=\"elementor-widget-wrap elementor-element-populated\">\n\t\t\t\t\t\t<div class=\"elementor-element elementor-element-7b5f4fe elementor-widget elementor-widget-litho-heading\" data-id=\"7b5f4fe\" data-element_type=\"widget\" data-e-type=\"widget\" data-widget_type=\"litho-heading.default\">\n\t\t\t\t<div class=\"elementor-widget-container\">\n\t\t\t\t\t<span class=\"litho-heading elementor-size-default\"><span class=\"litho-primary-title\">Fill out the form and we will get back to you as soon as possible.<\/span><\/span>\t\t\t\t<\/div>\n\t\t\t\t<\/div>\n\t\t\t\t<div class=\"elementor-element elementor-element-b551ab1 elementor-widget elementor-widget-litho-heading\" data-id=\"b551ab1\" data-element_type=\"widget\" data-e-type=\"widget\" data-widget_type=\"litho-heading.default\">\n\t\t\t\t<div class=\"elementor-widget-container\">\n\t\t\t\t\t<h4 class=\"litho-heading elementor-size-default\"><span class=\"litho-primary-title\">Do you have questions?<\/span><\/h4>\t\t\t\t<\/div>\n\t\t\t\t<\/div>\n\t\t\t\t<div class=\"elementor-element elementor-element-a55c86c elementor-widget elementor-widget-litho-contact-form\" data-id=\"a55c86c\" data-element_type=\"widget\" data-e-type=\"widget\" data-widget_type=\"litho-contact-form.default\">\n\t\t\t\t<div class=\"elementor-widget-container\">\n\t\t\t\t\t\t\t\t\t<div class=\"contact-form-wrapper\">\n\t\t\t\t\t\n<div class=\"wpcf7 no-js\" id=\"wpcf7-f69271-o1\" lang=\"en-US\" dir=\"ltr\" data-wpcf7-id=\"69271\">\n<div class=\"screen-reader-response\"><p role=\"status\" aria-live=\"polite\" aria-atomic=\"true\"><\/p> <ul><\/ul><\/div>\n<form action=\"\/en\/wp-json\/wp\/v2\/pages\/103#wpcf7-f69271-o1\" method=\"post\" class=\"wpcf7-form init\" aria-label=\"Contact form\" novalidate=\"novalidate\" data-status=\"init\" data-trp-original-action=\"\/en\/wp-json\/wp\/v2\/pages\/103#wpcf7-f69271-o1\">\n<fieldset class=\"hidden-fields-container\"><input type=\"hidden\" name=\"_wpcf7\" value=\"69271\" \/><input type=\"hidden\" name=\"_wpcf7_version\" value=\"6.1.5\" \/><input type=\"hidden\" name=\"_wpcf7_locale\" value=\"en_US\" \/><input type=\"hidden\" name=\"_wpcf7_unit_tag\" value=\"wpcf7-f69271-o1\" \/><input type=\"hidden\" name=\"_wpcf7_container_post\" value=\"0\" \/><input type=\"hidden\" name=\"_wpcf7_posted_data_hash\" value=\"\" \/>\n<\/fieldset>\n<div class=\"row row-cols-1 row-cols-md-2\">\n\t<div class=\"col\">\n\t\t<p><span class=\"wpcf7-form-control-wrap\" data-name=\"your-name\"><input size=\"40\" maxlength=\"400\" class=\"wpcf7-form-control wpcf7-text wpcf7-validates-as-required\" aria-required=\"true\" aria-invalid=\"false\" placeholder=\"Your name*\" value=\"\" type=\"text\" name=\"your-name\" \/><\/span><span class=\"wpcf7-form-control-wrap\" data-name=\"your-email-address\"><input size=\"40\" maxlength=\"400\" class=\"wpcf7-form-control wpcf7-email wpcf7-validates-as-required wpcf7-text wpcf7-validates-as-email\" aria-required=\"true\" aria-invalid=\"false\" placeholder=\"Your email*\" value=\"\" type=\"email\" name=\"your-email-address\" \/><\/span><span class=\"wpcf7-form-control-wrap\" data-name=\"your-mobile\"><input size=\"40\" maxlength=\"400\" class=\"wpcf7-form-control wpcf7-text\" aria-invalid=\"false\" placeholder=\"Your phonenumber\" value=\"\" type=\"text\" name=\"your-mobile\" \/><\/span><input type=\"hidden\" name=\"_wpcf7_captcha_challenge_captcha-1\" value=\"847481576\" \/><img decoding=\"async\" class=\"wpcf7-form-control wpcf7-captchac wpcf7-captcha-captcha-1\" width=\"72\" height=\"24\" alt=\"captcha\" src=\"https:\/\/estatepartners.dk\/wp-content\/uploads\/wpcf7_captcha\/847481576.png\" \/><span class=\"wpcf7-form-control-wrap\" data-name=\"captcha-1\"><input size=\"40\" class=\"wpcf7-form-control wpcf7-captchar\" autocomplete=\"off\" aria-invalid=\"false\" value=\"\" type=\"text\" name=\"captcha-1\" \/><\/span>\n\t\t<\/p>\n\t<\/div>\n\t<div class=\"col\">\n\t\t<p><span class=\"wpcf7-form-control-wrap\" data-name=\"your-message\"><textarea cols=\"40\" rows=\"10\" maxlength=\"2000\" class=\"wpcf7-form-control wpcf7-textarea\" aria-invalid=\"false\" placeholder=\"Your message\" name=\"your-message\"><\/textarea><\/span>\n\t\t<\/p>\n\t<\/div>\n\t<div class=\"col\">\n\t\t<p><span class=\"contact-form-text\"><span class=\"wpcf7-form-control-wrap\" data-name=\"your-consent\"><span class=\"wpcf7-form-control wpcf7-acceptance\"><span class=\"wpcf7-list-item\"><label><input type=\"checkbox\" name=\"your-consent\" value=\"1\" aria-invalid=\"false\" \/><span class=\"wpcf7-list-item-label\">I accept the terms &amp; conditions and I understand that my data will be hold securely in accordance with the <a href=\"https:\/\/estatepartners.dk\/en\/privatlivspolitik\/\">privacy policy<\/a>.<\/span><\/label><\/span><\/span><\/span><\/span>\n\t\t<\/p>\n\t<\/div>\n\t<div class=\"col litho-button-wrapper contact-simple\">\n\t\t<p><input class=\"wpcf7-form-control wpcf7-submit has-spinner elementor-button\" type=\"submit\" value=\"Send\" \/>\n\t\t<\/p>\n\t<\/div>\n<\/div><div class=\"wpcf7-response-output\" aria-hidden=\"true\"><\/div>\n<input type=\"hidden\" name=\"trp-form-language\" value=\"en\"\/><\/form>\n<\/div>\n\t\t\t\t<\/div>\n\t\t\t\t\t\t\t<\/div>\n\t\t\t\t<\/div>\n\t\t\t\t\t<\/div>\n\t\t<\/div>\n\t\t\t\t\t<\/div>\n\t\t<\/section>\n\t\t\t\t\t<\/div>\n\t\t<\/div>\n\t\t\t\t\t<\/div>\n\t\t<\/section>\n\t\t\t\t<section class=\"elementor-section elementor-top-section elementor-element elementor-element-b6f01e1 elementor-section-boxed elementor-section-height-default elementor-section-height-default\" data-id=\"b6f01e1\" data-element_type=\"section\" data-e-type=\"section\" data-settings=\"{&quot;background_background&quot;:&quot;classic&quot;}\">\n\t\t\t\t\t\t<div class=\"elementor-container elementor-column-gap-default\">\n\t\t\t\t\t<div class=\"elementor-column elementor-col-100 elementor-top-column elementor-element elementor-element-97d523a elementor-invisible\" data-fullscreen-column-settings=\"{&quot;fullscreen&quot;:&quot;&quot;}\" data-id=\"97d523a\" data-element_type=\"column\" data-e-type=\"column\" data-settings=\"{&quot;animation&quot;:&quot;fadeIn&quot;}\">\n\t\t\t<div class=\"elementor-widget-wrap elementor-element-populated\">\n\t\t\t\t\t\t<div class=\"elementor-element elementor-element-ac4b19b elementor-widget__width-auto elementor-widget elementor-widget-litho-separator\" data-id=\"ac4b19b\" data-element_type=\"widget\" data-e-type=\"widget\" data-widget_type=\"litho-separator.default\">\n\t\t\t\t<div class=\"elementor-widget-container\">\n\t\t\t\t\t\t\t\t\t\t\t\t<div class=\"separator-wrap\"><div class=\"separator-line\"><\/div><\/div>\n\t\t\t\t\t\t\t\t\t\t<\/div>\n\t\t\t\t<\/div>\n\t\t\t\t<div class=\"elementor-element elementor-element-17be6c5 elementor-widget__width-initial elementor-widget-mobile__width-initial elementor-widget elementor-widget-litho-heading\" data-id=\"17be6c5\" data-element_type=\"widget\" data-e-type=\"widget\" data-widget_type=\"litho-heading.default\">\n\t\t\t\t<div class=\"elementor-widget-container\">\n\t\t\t\t\t<div class=\"litho-heading elementor-size-default\"><span class=\"litho-primary-title\">- Move-in ready apartments with a focus on high housing quality, security and social community -<\/span><\/div>\t\t\t\t<\/div>\n\t\t\t\t<\/div>\n\t\t\t\t<div class=\"elementor-element elementor-element-ae74a55 elementor-widget__width-auto elementor-widget elementor-widget-litho-separator\" data-id=\"ae74a55\" data-element_type=\"widget\" data-e-type=\"widget\" data-widget_type=\"litho-separator.default\">\n\t\t\t\t<div class=\"elementor-widget-container\">\n\t\t\t\t\t\t\t\t\t\t\t\t<div class=\"separator-wrap\"><div class=\"separator-line\"><\/div><\/div>\n\t\t\t\t\t\t\t\t\t\t<\/div>\n\t\t\t\t<\/div>\n\t\t\t\t\t<\/div>\n\t\t<\/div>\n\t\t\t\t\t<\/div>\n\t\t<\/section>\n\t\t\t\t<\/div>","protected":false},"excerpt":{"rendered":"<p>Find dit n\u00e6ste hjem hos os Kontakt os Vi sidder klar til at tage imod dit opkald og svare p\u00e5 dine sp\u00f8rgsm\u00e5l. ESTATE PARTNERS Kl\u00f8vervej 44, 6000 Kolding KONTAKT +45 5320 2222 E-MAIL mail@estatepartners.dk Udfyld formularen, s\u00e5 vender vi tilbage hurtigst muligt. Har du sp\u00f8rgsm\u00e5l? I accept the terms &#038; conditions and I understand that [&hellip;]<\/p>\n","protected":false},"author":1,"featured_media":0,"parent":0,"menu_order":86,"comment_status":"closed","ping_status":"closed","template":"","meta":{"inline_featured_image":false,"footnotes":""},"class_list":["post-103","page","type-page","status-publish","hentry"],"yoast_head":"<!-- This site is optimized with the Yoast SEO plugin v27.2 - https:\/\/yoast.com\/product\/yoast-seo-wordpress\/ -->\n<title>Kontakt - Estate Partners A\/S i Kolding<\/title>\n<meta name=\"description\" content=\"F\u00e5 svar p\u00e5 sp\u00f8rgsm\u00e5l og find din n\u00e6ste bolig i Kolding. F\u00e5 en fremvisning i dag. indflytningsklare boliger i h\u00f8j kvalitet til b\u00e5de studerende og erhvervslivet.\" \/>\n<meta name=\"robots\" content=\"index, follow, max-snippet:-1, max-image-preview:large, max-video-preview:-1\" \/>\n<link rel=\"canonical\" href=\"https:\/\/estatepartners.dk\/en\/kontakt\/\" \/>\n<meta property=\"og:locale\" content=\"en_US\" \/>\n<meta property=\"og:type\" content=\"article\" \/>\n<meta property=\"og:title\" content=\"Kontakt - Estate Partners A\/S i Kolding\" \/>\n<meta property=\"og:description\" content=\"F\u00e5 svar p\u00e5 sp\u00f8rgsm\u00e5l og find din n\u00e6ste bolig i Kolding. F\u00e5 en fremvisning i dag. indflytningsklare boliger i h\u00f8j kvalitet til b\u00e5de studerende og erhvervslivet.\" \/>\n<meta property=\"og:url\" content=\"https:\/\/estatepartners.dk\/en\/kontakt\/\" \/>\n<meta property=\"og:site_name\" content=\"Estate Partners A\/S i Kolding\" \/>\n<meta property=\"article:publisher\" content=\"https:\/\/www.facebook.com\/estatepartners\/\" \/>\n<meta property=\"article:modified_time\" content=\"2022-08-16T08:48:08+00:00\" \/>\n<meta name=\"twitter:card\" content=\"summary_large_image\" \/>\n<meta name=\"twitter:label1\" content=\"Est. reading time\" \/>\n\t<meta name=\"twitter:data1\" content=\"1 minute\" \/>\n<script type=\"application\/ld+json\" class=\"yoast-schema-graph\">{\"@context\":\"https:\/\/schema.org\",\"@graph\":[{\"@type\":\"WebPage\",\"@id\":\"https:\/\/estatepartners.dk\/kontakt\/\",\"url\":\"https:\/\/estatepartners.dk\/kontakt\/\",\"name\":\"Kontakt - Estate Partners A\/S i Kolding\",\"isPartOf\":{\"@id\":\"https:\/\/estatepartners.dk\/#website\"},\"datePublished\":\"2020-02-06T09:12:06+00:00\",\"dateModified\":\"2022-08-16T08:48:08+00:00\",\"description\":\"F\u00e5 svar p\u00e5 sp\u00f8rgsm\u00e5l og find din n\u00e6ste bolig i Kolding. F\u00e5 en fremvisning i dag. indflytningsklare boliger i h\u00f8j kvalitet til b\u00e5de studerende og erhvervslivet.\",\"breadcrumb\":{\"@id\":\"https:\/\/estatepartners.dk\/kontakt\/#breadcrumb\"},\"inLanguage\":\"en-US\",\"potentialAction\":[{\"@type\":\"ReadAction\",\"target\":[\"https:\/\/estatepartners.dk\/kontakt\/\"]}]},{\"@type\":\"BreadcrumbList\",\"@id\":\"https:\/\/estatepartners.dk\/kontakt\/#breadcrumb\",\"itemListElement\":[{\"@type\":\"ListItem\",\"position\":1,\"name\":\"Hjem\",\"item\":\"https:\/\/estatepartners.dk\/\"},{\"@type\":\"ListItem\",\"position\":2,\"name\":\"Kontakt\"}]},{\"@type\":\"WebSite\",\"@id\":\"https:\/\/estatepartners.dk\/#website\",\"url\":\"https:\/\/estatepartners.dk\/\",\"name\":\"Estate Partners A\/S i Kolding\",\"description\":\"Estate Partners A\/S i Kolding\",\"publisher\":{\"@id\":\"https:\/\/estatepartners.dk\/#organization\"},\"potentialAction\":[{\"@type\":\"SearchAction\",\"target\":{\"@type\":\"EntryPoint\",\"urlTemplate\":\"https:\/\/estatepartners.dk\/?s={search_term_string}\"},\"query-input\":{\"@type\":\"PropertyValueSpecification\",\"valueRequired\":true,\"valueName\":\"search_term_string\"}}],\"inLanguage\":\"en-US\"},{\"@type\":\"Organization\",\"@id\":\"https:\/\/estatepartners.dk\/#organization\",\"name\":\"Estate Partners A\/S i Kolding\",\"url\":\"https:\/\/estatepartners.dk\/\",\"logo\":{\"@type\":\"ImageObject\",\"inLanguage\":\"en-US\",\"@id\":\"https:\/\/estatepartners.dk\/#\/schema\/logo\/image\/\",\"url\":\"http:\/\/estatepartners.markantonline.dk\/wp-content\/uploads\/2020\/02\/estate_partners_logo.png\",\"contentUrl\":\"http:\/\/estatepartners.markantonline.dk\/wp-content\/uploads\/2020\/02\/estate_partners_logo.png\",\"width\":1080,\"height\":673,\"caption\":\"Estate Partners A\/S i Kolding\"},\"image\":{\"@id\":\"https:\/\/estatepartners.dk\/#\/schema\/logo\/image\/\"},\"sameAs\":[\"https:\/\/www.facebook.com\/estatepartners\/\"]}]}<\/script>\n<!-- \/ Yoast SEO plugin. -->","yoast_head_json":{"title":"Kontakt - Estate Partners A\/S i Kolding","description":"F\u00e5 svar p\u00e5 sp\u00f8rgsm\u00e5l og find din n\u00e6ste bolig i Kolding. F\u00e5 en fremvisning i dag. indflytningsklare boliger i h\u00f8j kvalitet til b\u00e5de studerende og erhvervslivet.","robots":{"index":"index","follow":"follow","max-snippet":"max-snippet:-1","max-image-preview":"max-image-preview:large","max-video-preview":"max-video-preview:-1"},"canonical":"https:\/\/estatepartners.dk\/en\/kontakt\/","og_locale":"en_US","og_type":"article","og_title":"Kontakt - Estate Partners A\/S i Kolding","og_description":"F\u00e5 svar p\u00e5 sp\u00f8rgsm\u00e5l og find din n\u00e6ste bolig i Kolding. F\u00e5 en fremvisning i dag. indflytningsklare boliger i h\u00f8j kvalitet til b\u00e5de studerende og erhvervslivet.","og_url":"https:\/\/estatepartners.dk\/en\/kontakt\/","og_site_name":"Estate Partners A\/S i Kolding","article_publisher":"https:\/\/www.facebook.com\/estatepartners\/","article_modified_time":"2022-08-16T08:48:08+00:00","twitter_card":"summary_large_image","twitter_misc":{"Est. reading time":"1 minute"},"schema":{"@context":"https:\/\/schema.org","@graph":[{"@type":"WebPage","@id":"https:\/\/estatepartners.dk\/kontakt\/","url":"https:\/\/estatepartners.dk\/kontakt\/","name":"Kontakt - Estate Partners A\/S i Kolding","isPartOf":{"@id":"https:\/\/estatepartners.dk\/#website"},"datePublished":"2020-02-06T09:12:06+00:00","dateModified":"2022-08-16T08:48:08+00:00","description":"F\u00e5 svar p\u00e5 sp\u00f8rgsm\u00e5l og find din n\u00e6ste bolig i Kolding. F\u00e5 en fremvisning i dag. indflytningsklare boliger i h\u00f8j kvalitet til b\u00e5de studerende og erhvervslivet.","breadcrumb":{"@id":"https:\/\/estatepartners.dk\/kontakt\/#breadcrumb"},"inLanguage":"en-US","potentialAction":[{"@type":"ReadAction","target":["https:\/\/estatepartners.dk\/kontakt\/"]}]},{"@type":"BreadcrumbList","@id":"https:\/\/estatepartners.dk\/kontakt\/#breadcrumb","itemListElement":[{"@type":"ListItem","position":1,"name":"Hjem","item":"https:\/\/estatepartners.dk\/"},{"@type":"ListItem","position":2,"name":"Kontakt"}]},{"@type":"WebSite","@id":"https:\/\/estatepartners.dk\/#website","url":"https:\/\/estatepartners.dk\/","name":"Estate Partners A\/S i Kolding","description":"Estate Partners A\/S i Kolding","publisher":{"@id":"https:\/\/estatepartners.dk\/#organization"},"potentialAction":[{"@type":"SearchAction","target":{"@type":"EntryPoint","urlTemplate":"https:\/\/estatepartners.dk\/?s={search_term_string}"},"query-input":{"@type":"PropertyValueSpecification","valueRequired":true,"valueName":"search_term_string"}}],"inLanguage":"en-US"},{"@type":"Organization","@id":"https:\/\/estatepartners.dk\/#organization","name":"Estate Partners A\/S i Kolding","url":"https:\/\/estatepartners.dk\/","logo":{"@type":"ImageObject","inLanguage":"en-US","@id":"https:\/\/estatepartners.dk\/#\/schema\/logo\/image\/","url":"http:\/\/estatepartners.markantonline.dk\/wp-content\/uploads\/2020\/02\/estate_partners_logo.png","contentUrl":"http:\/\/estatepartners.markantonline.dk\/wp-content\/uploads\/2020\/02\/estate_partners_logo.png","width":1080,"height":673,"caption":"Estate Partners A\/S i Kolding"},"image":{"@id":"https:\/\/estatepartners.dk\/#\/schema\/logo\/image\/"},"sameAs":["https:\/\/www.facebook.com\/estatepartners\/"]}]}},"_links":{"self":[{"href":"https:\/\/estatepartners.dk\/en\/wp-json\/wp\/v2\/pages\/103","targetHints":{"allow":["GET"]}}],"collection":[{"href":"https:\/\/estatepartners.dk\/en\/wp-json\/wp\/v2\/pages"}],"about":[{"href":"https:\/\/estatepartners.dk\/en\/wp-json\/wp\/v2\/types\/page"}],"author":[{"embeddable":true,"href":"https:\/\/estatepartners.dk\/en\/wp-json\/wp\/v2\/users\/1"}],"replies":[{"embeddable":true,"href":"https:\/\/estatepartners.dk\/en\/wp-json\/wp\/v2\/comments?post=103"}],"version-history":[{"count":78,"href":"https:\/\/estatepartners.dk\/en\/wp-json\/wp\/v2\/pages\/103\/revisions"}],"predecessor-version":[{"id":77734,"href":"https:\/\/estatepartners.dk\/en\/wp-json\/wp\/v2\/pages\/103\/revisions\/77734"}],"wp:attachment":[{"href":"https:\/\/estatepartners.dk\/en\/wp-json\/wp\/v2\/media?parent=103"}],"curies":[{"name":"wp","href":"https:\/\/api.w.org\/{rel}","templated":true}]}}